{"id":1846,"date":"2021-03-07T05:19:08","date_gmt":"2021-03-07T05:19:08","guid":{"rendered":"https:\/\/genthotels.be\/?page_id=1846"},"modified":"2021-07-30T10:09:41","modified_gmt":"2021-07-30T10:09:41","slug":"contact","status":"publish","type":"page","link":"https:\/\/genthotels.be\/fr\/contact\/","title":{"rendered":"Organisation \u00e0 but non lucratif des h\u00f4tels de Gand"},"content":{"rendered":"<div data-elementor-type=\"wp-page\" data-elementor-id=\"1846\" class=\"elementor elementor-1846\" data-elementor-post-type=\"page\">\n\t\t\t\t\t\t<section class=\"elementor-section elementor-top-section elementor-element elementor-element-b678aac elementor-section-full_width elementor-section-stretched elementor-section-height-default elementor-section-height-default\" data-id=\"b678aac\" data-element_type=\"section\" data-settings=\"{&quot;stretch_section&quot;:&quot;section-stretched&quot;}\">\n\t\t\t\t\t\t<div class=\"elementor-container elementor-column-gap-no\">\n\t\t\t\t\t<div class=\"elementor-column elementor-col-100 elementor-top-column elementor-element elementor-element-72de4d3\" data-id=\"72de4d3\" data-element_type=\"column\">\n\t\t\t<div class=\"elementor-widget-wrap elementor-element-populated\">\n\t\t\t\t\t\t<div class=\"elementor-element elementor-element-112ce7a elementor-widget elementor-widget-travio_contact\" data-id=\"112ce7a\" data-element_type=\"widget\" data-widget_type=\"travio_contact.default\">\n\t\t\t\t<div class=\"elementor-widget-container\">\n\t\t\t\t\t\t\t<section class=\"contact-info-section bg-color-1\">\n\t\t\t<div class=\"anim-icon\">\n\t\t\t\t<div class=\"icon anim-icon-1\" style=\"background-image: url(https:\/\/genthotels.be\/wp-content\/uploads\/2021\/02\/shape-3.png);\"><\/div>\n\t\t\t\t<div class=\"icon anim-icon-2\" style=\"background-image: url(https:\/\/genthotels.be\/wp-content\/uploads\/2021\/02\/shape-3.png);\"><\/div>\n\t\t\t<\/div>\n\t\t\t<div class=\"auto-container\">\n\t\t\t\t<div class=\"row clearfix\">\n\t\t\t\t\t\t\t\t\t\t\t<div class=\"col-lg-4 col-md-6 col-sm-12 info-column\">\n\t\t\t\t\t\t\t<div class=\"single-info-box\">\n\t\t\t\t\t\t\t\t<div class=\"inner-box\">\n\t\t\t\t\t\t\t\t\t<div class=\"icon-box\"><i aria-hidden=\"true\" class=\"far fa-building\"><\/i><\/i><\/div>\n\t\t\t\t\t\t\t\t\t<h3>Des renseignements g\u00e9n\u00e9raux<\/h3>\n\t\t\t\t\t\t\t\t\t<p><a style=\"color:#ff7c5b;\" href=\"mailto:info@genthotels.be\">info@genthotels.be<\/a><br\/>\n<p><span style=\"font-weight:500\">Banque KBC<\/span><br\/>IBAN : BE92 7370 2870 0323<br\/>\nBIC\u00a0: KREDBEBB<br\/><\/p>\n<p>TVA : BE 0431.823.016<\/p><\/p>\n\t\t\t\t\t\t\t\t<\/div>\n\t\t\t\t\t\t\t<\/div>\n\t\t\t\t\t\t<\/div>\n\t\t\t\t\t\t\t\t\t\t\t\t<div class=\"col-lg-4 col-md-6 col-sm-12 info-column\">\n\t\t\t\t\t\t\t<div class=\"single-info-box\">\n\t\t\t\t\t\t\t\t<div class=\"inner-box\">\n\t\t\t\t\t\t\t\t\t<div class=\"icon-box\"><i aria-hidden=\"true\" class=\"icon-Phone\"><\/i><\/i><\/div>\n\t\t\t\t\t\t\t\t\t<h3>Office de tourisme<\/h3>\n\t\t\t\t\t\t\t\t\t<p><a style=\"color:#ff7c5b;\" href=\"tel:+32 9 266 56 60\">+32 9 266 56 60<\/a><br\/>\n<p><span style=\"font-weight:500\">Bureau d&#039;informations<\/span><br\/>\nVeerleplein 5<br\/>\n9000 Gand<br\/>\n<\/p><\/p>\n\t\t\t\t\t\t\t\t<\/div>\n\t\t\t\t\t\t\t<\/div>\n\t\t\t\t\t\t<\/div>\n\t\t\t\t\t\t\t\t\t\t<\/div>\n\t\t\t<\/div>\n\t\t<\/section>\n\t\t\t\t\t\t<\/div>\n\t\t\t\t<\/div>\n\t\t\t\t\t<\/div>\n\t\t<\/div>\n\t\t\t\t\t<\/div>\n\t\t<\/section>\n\t\t\t\t<section class=\"elementor-section elementor-top-section elementor-element elementor-element-4c166db elementor-section-boxed elementor-section-height-default elementor-section-height-default\" data-id=\"4c166db\" data-element_type=\"section\">\n\t\t\t\t\t\t<div class=\"elementor-container elementor-column-gap-default\">\n\t\t\t\t\t<div class=\"elementor-column elementor-col-100 elementor-top-column elementor-element elementor-element-18f311a\" data-id=\"18f311a\" data-element_type=\"column\">\n\t\t\t<div class=\"elementor-widget-wrap elementor-element-populated\">\n\t\t\t\t\t\t<div class=\"elementor-element elementor-element-34e1489 elementor-widget elementor-widget-heading\" data-id=\"34e1489\" data-element_type=\"widget\" data-widget_type=\"heading.default\">\n\t\t\t\t<div class=\"elementor-widget-container\">\n\t\t\t\t\t<h2 class=\"elementor-heading-title elementor-size-default\">Qui sommes nous? Qu&#039;est-ce que nous faisons?<\/h2>\t\t\t\t<\/div>\n\t\t\t\t<\/div>\n\t\t\t\t<section class=\"elementor-section elementor-inner-section elementor-element elementor-element-3b509ec elementor-section-boxed elementor-section-height-default elementor-section-height-default\" data-id=\"3b509ec\" data-element_type=\"section\">\n\t\t\t\t\t\t<div class=\"elementor-container elementor-column-gap-wider\">\n\t\t\t\t\t<div class=\"elementor-column elementor-col-50 elementor-inner-column elementor-element elementor-element-9a0fe23\" data-id=\"9a0fe23\" data-element_type=\"column\">\n\t\t\t<div class=\"elementor-widget-wrap elementor-element-populated\">\n\t\t\t\t\t\t<div class=\"elementor-element elementor-element-182af52 elementor-widget elementor-widget-heading\" data-id=\"182af52\" data-element_type=\"widget\" data-widget_type=\"heading.default\">\n\t\t\t\t<div class=\"elementor-widget-container\">\n\t\t\t\t\t<h4 class=\"elementor-heading-title elementor-size-default\">Si vous cherchez un h\u00f4tel, vous \u00eates au bon endroit.\n\n<\/h4>\t\t\t\t<\/div>\n\t\t\t\t<\/div>\n\t\t\t\t<div class=\"elementor-element elementor-element-743b9ef elementor-icon-list--layout-traditional elementor-list-item-link-full_width elementor-widget elementor-widget-icon-list\" data-id=\"743b9ef\" data-element_type=\"widget\" data-widget_type=\"icon-list.default\">\n\t\t\t\t<div class=\"elementor-widget-container\">\n\t\t\t\t\t\t\t<ul class=\"elementor-icon-list-items\">\n\t\t\t\t\t\t\t<li class=\"elementor-icon-list-item\">\n\t\t\t\t\t\t\t\t\t\t\t<span class=\"elementor-icon-list-icon\">\n\t\t\t\t\t\t\t<i aria-hidden=\"true\" class=\"icon-Check-3\"><\/i>\t\t\t\t\t\t<\/span>\n\t\t\t\t\t\t\t\t\t\t<span class=\"elementor-icon-list-text\">Les h\u00f4tels de Gand fonctionnent sans commission.<\/span>\n\t\t\t\t\t\t\t\t\t<\/li>\n\t\t\t\t\t\t\t\t<li class=\"elementor-icon-list-item\">\n\t\t\t\t\t\t\t\t\t\t\t<span class=\"elementor-icon-list-icon\">\n\t\t\t\t\t\t\t<i aria-hidden=\"true\" class=\"icon-Check-3\"><\/i>\t\t\t\t\t\t<\/span>\n\t\t\t\t\t\t\t\t\t\t<span class=\"elementor-icon-list-text\">Toutes les r\u00e9servations sont 100% s\u00e9curis\u00e9es gr\u00e2ce \u00e0 tous nos membres.<\/span>\n\t\t\t\t\t\t\t\t\t<\/li>\n\t\t\t\t\t\t\t\t<li class=\"elementor-icon-list-item\">\n\t\t\t\t\t\t\t\t\t\t\t<span class=\"elementor-icon-list-icon\">\n\t\t\t\t\t\t\t<i aria-hidden=\"true\" class=\"icon-Check-3\"><\/i>\t\t\t\t\t\t<\/span>\n\t\t\t\t\t\t\t\t\t\t<span class=\"elementor-icon-list-text\">Gent Hotels propose des offres, des promotions sp\u00e9ciales et des packages pour les particuliers et les groupes.<\/span>\n\t\t\t\t\t\t\t\t\t<\/li>\n\t\t\t\t\t\t\t\t<li class=\"elementor-icon-list-item\">\n\t\t\t\t\t\t\t\t\t\t\t<span class=\"elementor-icon-list-icon\">\n\t\t\t\t\t\t\t<i aria-hidden=\"true\" class=\"icon-Check-3\"><\/i>\t\t\t\t\t\t<\/span>\n\t\t\t\t\t\t\t\t\t\t<span class=\"elementor-icon-list-text\">Gent Hotels est synonyme de service de qualit\u00e9 lors de la r\u00e9servation d&#039;h\u00f4tels et de forfaits associ\u00e9s.<\/span>\n\t\t\t\t\t\t\t\t\t<\/li>\n\t\t\t\t\t\t\t\t<li class=\"elementor-icon-list-item\">\n\t\t\t\t\t\t\t\t\t\t\t<span class=\"elementor-icon-list-icon\">\n\t\t\t\t\t\t\t<i aria-hidden=\"true\" class=\"icon-Check-3\"><\/i>\t\t\t\t\t\t<\/span>\n\t\t\t\t\t\t\t\t\t\t<span class=\"elementor-icon-list-text\">Toujours aux meilleurs tarifs et conditions.<\/span>\n\t\t\t\t\t\t\t\t\t<\/li>\n\t\t\t\t\t\t<\/ul>\n\t\t\t\t\t\t<\/div>\n\t\t\t\t<\/div>\n\t\t\t\t\t<\/div>\n\t\t<\/div>\n\t\t\t\t<div class=\"elementor-column elementor-col-50 elementor-inner-column elementor-element elementor-element-57fa500\" data-id=\"57fa500\" data-element_type=\"column\">\n\t\t\t<div class=\"elementor-widget-wrap elementor-element-populated\">\n\t\t\t\t\t\t<div class=\"elementor-element elementor-element-60f2114 elementor-widget elementor-widget-text-editor\" data-id=\"60f2114\" data-element_type=\"widget\" data-widget_type=\"text-editor.default\">\n\t\t\t\t<div class=\"elementor-widget-container\">\n\t\t\t\t\t\t\t\t\t<p>Vzw Gent Hotels est une association \u00e0 laquelle tous les h\u00f4tels agr\u00e9\u00e9s de Gand sont affili\u00e9s. Ici, vous pouvez compter sur le bon service, la qualit\u00e9 et les meilleurs tarifs que n&#039;importe quel h\u00f4tel a \u00e0 offrir. Les h\u00f4tels peuvent \u00eatre r\u00e9serv\u00e9s dans diff\u00e9rentes cat\u00e9gories d&#039;\u00e9toiles, h\u00f4tels de charme, h\u00f4tels d&#039;affaires, h\u00f4tels familiaux, h\u00f4tels design et cha\u00eenes h\u00f4teli\u00e8res.<\/p><p>Chaque mois, les membres affili\u00e9s se r\u00e9unissent pour discuter de la mani\u00e8re d&#039;am\u00e9liorer le fonctionnement et le service client de chaque h\u00f4tel.<\/p><p>Nous esp\u00e9rons vous accueillir bient\u00f4t.<\/p><p>Organisation \u00e0 but non lucratif des h\u00f4tels de Gand<\/p>\t\t\t\t\t\t\t\t<\/div>\n\t\t\t\t<\/div>\n\t\t\t\t\t<\/div>\n\t\t<\/div>\n\t\t\t\t\t<\/div>\n\t\t<\/section>\n\t\t\t\t\t<\/div>\n\t\t<\/div>\n\t\t\t\t\t<\/div>\n\t\t<\/section>\n\t\t\t\t<\/div>","protected":false},"excerpt":{"rendered":"<p>Informations g\u00e9n\u00e9rales info@genthotels.be Banque KBCIBAN : BE92 7370 2870 0323 BIC : KREDBEBB TVA : BE 0431.823.016 Office du tourisme +32 9 266 56 60 Bureau d&#039;information Veerleplein 5 9000 Gent Qui sommes-nous ? Qu&#039;est-ce que nous faisons? Si vous cherchez un h\u00f4tel, vous \u00eates au bon endroit. Gent hotels travaille sans commission. [\u2026]<\/p>","protected":false},"author":1,"featured_media":2859,"parent":0,"menu_order":0,"comment_status":"closed","ping_status":"closed","template":"elementor_header_footer","meta":{"_acf_changed":false,"footnotes":""},"class_list":["post-1846","page","type-page","status-publish","has-post-thumbnail","hentry"],"acf":[],"yoast_head":"<!-- This site is optimized with the Yoast SEO plugin v26.7 - https:\/\/yoast.com\/wordpress\/plugins\/seo\/ -->\n<title>Gent Hotels vzw - Gent Hotels<\/title>\n<meta name=\"robots\" content=\"index, follow, max-snippet:-1, max-image-preview:large, max-video-preview:-1\" \/>\n<link rel=\"canonical\" href=\"https:\/\/genthotels.be\/fr\/contact\/\" \/>\n<meta property=\"og:locale\" content=\"fr_FR\" \/>\n<meta property=\"og:type\" content=\"article\" \/>\n<meta property=\"og:title\" content=\"Gent Hotels vzw - Gent Hotels\" \/>\n<meta property=\"og:description\" content=\"Algemene informatie info@genthotels.be Bank KBCIBAN: BE92 7370 2870 0323 BIC: KREDBEBB BTW: BE 0431.823.016 Dienst voor Toerisme +32 9 266 56 60 Info kantoor Veerleplein 5 9000 Gent Wie zijn we? Wat doen we? Bent u op zoek naar een hotel, dan bent u bij ons aan het goede adres. Gent hotels werkt zonder commissie. [&hellip;]\" \/>\n<meta property=\"og:url\" content=\"https:\/\/genthotels.be\/fr\/contact\/\" \/>\n<meta property=\"og:site_name\" content=\"Gent Hotels\" \/>\n<meta property=\"article:modified_time\" content=\"2021-07-30T10:09:41+00:00\" \/>\n<meta property=\"og:image\" content=\"https:\/\/genthotels.be\/wp-content\/uploads\/2021\/06\/genthotels-04-scaled.jpeg\" \/>\n\t<meta property=\"og:image:width\" content=\"2048\" \/>\n\t<meta property=\"og:image:height\" content=\"766\" \/>\n\t<meta property=\"og:image:type\" content=\"image\/jpeg\" \/>\n<meta name=\"twitter:card\" content=\"summary_large_image\" \/>\n<meta name=\"twitter:label1\" content=\"Dur\u00e9e de lecture estim\u00e9e\" \/>\n\t<meta name=\"twitter:data1\" content=\"1 minute\" \/>\n<script type=\"application\/ld+json\" class=\"yoast-schema-graph\">{\"@context\":\"https:\/\/schema.org\",\"@graph\":[{\"@type\":\"WebPage\",\"@id\":\"https:\/\/genthotels.be\/nl\/contact\/\",\"url\":\"https:\/\/genthotels.be\/nl\/contact\/\",\"name\":\"Gent Hotels vzw - Gent Hotels\",\"isPartOf\":{\"@id\":\"https:\/\/genthotels.be\/en\/#website\"},\"primaryImageOfPage\":{\"@id\":\"https:\/\/genthotels.be\/nl\/contact\/#primaryimage\"},\"image\":{\"@id\":\"https:\/\/genthotels.be\/nl\/contact\/#primaryimage\"},\"thumbnailUrl\":\"https:\/\/genthotels.be\/wp-content\/uploads\/2021\/06\/genthotels-04-scaled.jpeg\",\"datePublished\":\"2021-03-07T05:19:08+00:00\",\"dateModified\":\"2021-07-30T10:09:41+00:00\",\"breadcrumb\":{\"@id\":\"https:\/\/genthotels.be\/nl\/contact\/#breadcrumb\"},\"inLanguage\":\"fr-FR\",\"potentialAction\":[{\"@type\":\"ReadAction\",\"target\":[\"https:\/\/genthotels.be\/nl\/contact\/\"]}]},{\"@type\":\"ImageObject\",\"inLanguage\":\"fr-FR\",\"@id\":\"https:\/\/genthotels.be\/nl\/contact\/#primaryimage\",\"url\":\"https:\/\/genthotels.be\/wp-content\/uploads\/2021\/06\/genthotels-04-scaled.jpeg\",\"contentUrl\":\"https:\/\/genthotels.be\/wp-content\/uploads\/2021\/06\/genthotels-04-scaled.jpeg\",\"width\":2048,\"height\":766,\"caption\":\"Panoramic view of the Graslei, quay in the promenade next to river Lys in Ghent, Belgium and St Michael's Bridge at dusk. Gent old town is famous for its beautiful illuminated buildings and landmarks\"},{\"@type\":\"BreadcrumbList\",\"@id\":\"https:\/\/genthotels.be\/nl\/contact\/#breadcrumb\",\"itemListElement\":[{\"@type\":\"ListItem\",\"position\":1,\"name\":\"Home\",\"item\":\"https:\/\/genthotels.be\/\"},{\"@type\":\"ListItem\",\"position\":2,\"name\":\"Gent Hotels vzw\"}]},{\"@type\":\"WebSite\",\"@id\":\"https:\/\/genthotels.be\/en\/#website\",\"url\":\"https:\/\/genthotels.be\/en\/\",\"name\":\"Gent Hotels\",\"description\":\"Gent Hotels speciale acties, kortingen en promoties\",\"publisher\":{\"@id\":\"https:\/\/genthotels.be\/en\/#organization\"},\"potentialAction\":[{\"@type\":\"SearchAction\",\"target\":{\"@type\":\"EntryPoint\",\"urlTemplate\":\"https:\/\/genthotels.be\/en\/?s={search_term_string}\"},\"query-input\":{\"@type\":\"PropertyValueSpecification\",\"valueRequired\":true,\"valueName\":\"search_term_string\"}}],\"inLanguage\":\"fr-FR\"},{\"@type\":\"Organization\",\"@id\":\"https:\/\/genthotels.be\/en\/#organization\",\"name\":\"Gent Hotels\",\"url\":\"https:\/\/genthotels.be\/en\/\",\"logo\":{\"@type\":\"ImageObject\",\"inLanguage\":\"fr-FR\",\"@id\":\"https:\/\/genthotels.be\/en\/#\/schema\/logo\/image\/\",\"url\":\"https:\/\/genthotels.be\/wp-content\/uploads\/2021\/07\/logo-gent-hotels-v2-white.svg\",\"contentUrl\":\"https:\/\/genthotels.be\/wp-content\/uploads\/2021\/07\/logo-gent-hotels-v2-white.svg\",\"caption\":\"Gent Hotels\"},\"image\":{\"@id\":\"https:\/\/genthotels.be\/en\/#\/schema\/logo\/image\/\"}}]}<\/script>\n<!-- \/ Yoast SEO plugin. -->","yoast_head_json":{"title":"Gent Hotels vzw - Gent Hotels","robots":{"index":"index","follow":"follow","max-snippet":"max-snippet:-1","max-image-preview":"max-image-preview:large","max-video-preview":"max-video-preview:-1"},"canonical":"https:\/\/genthotels.be\/fr\/contact\/","og_locale":"fr_FR","og_type":"article","og_title":"Gent Hotels vzw - Gent Hotels","og_description":"Algemene informatie info@genthotels.be Bank KBCIBAN: BE92 7370 2870 0323 BIC: KREDBEBB BTW: BE 0431.823.016 Dienst voor Toerisme +32 9 266 56 60 Info kantoor Veerleplein 5 9000 Gent Wie zijn we? Wat doen we? Bent u op zoek naar een hotel, dan bent u bij ons aan het goede adres. Gent hotels werkt zonder commissie. [&hellip;]","og_url":"https:\/\/genthotels.be\/fr\/contact\/","og_site_name":"Gent Hotels","article_modified_time":"2021-07-30T10:09:41+00:00","og_image":[{"width":2048,"height":766,"url":"https:\/\/genthotels.be\/wp-content\/uploads\/2021\/06\/genthotels-04-scaled.jpeg","type":"image\/jpeg"}],"twitter_card":"summary_large_image","twitter_misc":{"Dur\u00e9e de lecture estim\u00e9e":"1 minute"},"schema":{"@context":"https:\/\/schema.org","@graph":[{"@type":"WebPage","@id":"https:\/\/genthotels.be\/nl\/contact\/","url":"https:\/\/genthotels.be\/nl\/contact\/","name":"Gent Hotels vzw - Gent Hotels","isPartOf":{"@id":"https:\/\/genthotels.be\/en\/#website"},"primaryImageOfPage":{"@id":"https:\/\/genthotels.be\/nl\/contact\/#primaryimage"},"image":{"@id":"https:\/\/genthotels.be\/nl\/contact\/#primaryimage"},"thumbnailUrl":"https:\/\/genthotels.be\/wp-content\/uploads\/2021\/06\/genthotels-04-scaled.jpeg","datePublished":"2021-03-07T05:19:08+00:00","dateModified":"2021-07-30T10:09:41+00:00","breadcrumb":{"@id":"https:\/\/genthotels.be\/nl\/contact\/#breadcrumb"},"inLanguage":"fr-FR","potentialAction":[{"@type":"ReadAction","target":["https:\/\/genthotels.be\/nl\/contact\/"]}]},{"@type":"ImageObject","inLanguage":"fr-FR","@id":"https:\/\/genthotels.be\/nl\/contact\/#primaryimage","url":"https:\/\/genthotels.be\/wp-content\/uploads\/2021\/06\/genthotels-04-scaled.jpeg","contentUrl":"https:\/\/genthotels.be\/wp-content\/uploads\/2021\/06\/genthotels-04-scaled.jpeg","width":2048,"height":766,"caption":"Panoramic view of the Graslei, quay in the promenade next to river Lys in Ghent, Belgium and St Michael's Bridge at dusk. Gent old town is famous for its beautiful illuminated buildings and landmarks"},{"@type":"BreadcrumbList","@id":"https:\/\/genthotels.be\/nl\/contact\/#breadcrumb","itemListElement":[{"@type":"ListItem","position":1,"name":"Home","item":"https:\/\/genthotels.be\/"},{"@type":"ListItem","position":2,"name":"Gent Hotels vzw"}]},{"@type":"WebSite","@id":"https:\/\/genthotels.be\/en\/#website","url":"https:\/\/genthotels.be\/en\/","name":"H\u00f4tels \u00e0 Gand","description":"Gent Hotels promotions sp\u00e9ciales, remises et promotions","publisher":{"@id":"https:\/\/genthotels.be\/en\/#organization"},"potentialAction":[{"@type":"SearchAction","target":{"@type":"EntryPoint","urlTemplate":"https:\/\/genthotels.be\/en\/?s={search_term_string}"},"query-input":{"@type":"PropertyValueSpecification","valueRequired":true,"valueName":"search_term_string"}}],"inLanguage":"fr-FR"},{"@type":"Organization","@id":"https:\/\/genthotels.be\/en\/#organization","name":"H\u00f4tels \u00e0 Gand","url":"https:\/\/genthotels.be\/en\/","logo":{"@type":"ImageObject","inLanguage":"fr-FR","@id":"https:\/\/genthotels.be\/en\/#\/schema\/logo\/image\/","url":"https:\/\/genthotels.be\/wp-content\/uploads\/2021\/07\/logo-gent-hotels-v2-white.svg","contentUrl":"https:\/\/genthotels.be\/wp-content\/uploads\/2021\/07\/logo-gent-hotels-v2-white.svg","caption":"Gent Hotels"},"image":{"@id":"https:\/\/genthotels.be\/en\/#\/schema\/logo\/image\/"}}]}},"_links":{"self":[{"href":"https:\/\/genthotels.be\/fr\/wp-json\/wp\/v2\/pages\/1846","targetHints":{"allow":["GET"]}}],"collection":[{"href":"https:\/\/genthotels.be\/fr\/wp-json\/wp\/v2\/pages"}],"about":[{"href":"https:\/\/genthotels.be\/fr\/wp-json\/wp\/v2\/types\/page"}],"author":[{"embeddable":true,"href":"https:\/\/genthotels.be\/fr\/wp-json\/wp\/v2\/users\/1"}],"replies":[{"embeddable":true,"href":"https:\/\/genthotels.be\/fr\/wp-json\/wp\/v2\/comments?post=1846"}],"version-history":[{"count":0,"href":"https:\/\/genthotels.be\/fr\/wp-json\/wp\/v2\/pages\/1846\/revisions"}],"wp:featuredmedia":[{"embeddable":true,"href":"https:\/\/genthotels.be\/fr\/wp-json\/wp\/v2\/media\/2859"}],"wp:attachment":[{"href":"https:\/\/genthotels.be\/fr\/wp-json\/wp\/v2\/media?parent=1846"}],"curies":[{"name":"wp","href":"https:\/\/api.w.org\/{rel}","templated":true}]}}