{"id":1846,"date":"2021-03-07T05:19:08","date_gmt":"2021-03-07T05:19:08","guid":{"rendered":"https:\/\/genthotels.be\/?page_id=1846"},"modified":"2021-07-30T10:09:41","modified_gmt":"2021-07-30T10:09:41","slug":"contact","status":"publish","type":"page","link":"https:\/\/genthotels.be\/es\/contact\/","title":{"rendered":"Organizaci\u00f3n sin \u00e1nimo de lucro Ghent Hotels"},"content":{"rendered":"<div data-elementor-type=\"wp-page\" data-elementor-id=\"1846\" class=\"elementor elementor-1846\" data-elementor-post-type=\"page\">\n\t\t\t\t\t\t<section class=\"elementor-section elementor-top-section elementor-element elementor-element-b678aac elementor-section-full_width elementor-section-stretched elementor-section-height-default elementor-section-height-default\" data-id=\"b678aac\" data-element_type=\"section\" data-settings=\"{&quot;stretch_section&quot;:&quot;section-stretched&quot;}\">\n\t\t\t\t\t\t<div class=\"elementor-container elementor-column-gap-no\">\n\t\t\t\t\t<div class=\"elementor-column elementor-col-100 elementor-top-column elementor-element elementor-element-72de4d3\" data-id=\"72de4d3\" data-element_type=\"column\">\n\t\t\t<div class=\"elementor-widget-wrap elementor-element-populated\">\n\t\t\t\t\t\t<div class=\"elementor-element elementor-element-112ce7a elementor-widget elementor-widget-travio_contact\" data-id=\"112ce7a\" data-element_type=\"widget\" data-widget_type=\"travio_contact.default\">\n\t\t\t\t<div class=\"elementor-widget-container\">\n\t\t\t\t\t\t\t<section class=\"contact-info-section bg-color-1\">\n\t\t\t<div class=\"anim-icon\">\n\t\t\t\t<div class=\"icon anim-icon-1\" style=\"background-image: url(https:\/\/genthotels.be\/wp-content\/uploads\/2021\/02\/shape-3.png);\"><\/div>\n\t\t\t\t<div class=\"icon anim-icon-2\" style=\"background-image: url(https:\/\/genthotels.be\/wp-content\/uploads\/2021\/02\/shape-3.png);\"><\/div>\n\t\t\t<\/div>\n\t\t\t<div class=\"auto-container\">\n\t\t\t\t<div class=\"row clearfix\">\n\t\t\t\t\t\t\t\t\t\t\t<div class=\"col-lg-4 col-md-6 col-sm-12 info-column\">\n\t\t\t\t\t\t\t<div class=\"single-info-box\">\n\t\t\t\t\t\t\t\t<div class=\"inner-box\">\n\t\t\t\t\t\t\t\t\t<div class=\"icon-box\"><i aria-hidden=\"true\" class=\"far fa-building\"><\/i><\/i><\/div>\n\t\t\t\t\t\t\t\t\t<h3>Informaci\u00f3n general<\/h3>\n\t\t\t\t\t\t\t\t\t<p><a style=\"color:#ff7c5b;\" href=\"mailto:info@genthotels.be\">info@genthotels.be<\/a><br\/>\n<p><span style=\"font-weight:500\">Banco KBC<\/span><br\/>IBAN: BE92 7370 2870 0323<br\/>\nBIC: KREDBEBB<br\/><\/p>\n<p>IVA: BE 0431.823.016<\/p><\/p>\n\t\t\t\t\t\t\t\t<\/div>\n\t\t\t\t\t\t\t<\/div>\n\t\t\t\t\t\t<\/div>\n\t\t\t\t\t\t\t\t\t\t\t\t<div class=\"col-lg-4 col-md-6 col-sm-12 info-column\">\n\t\t\t\t\t\t\t<div class=\"single-info-box\">\n\t\t\t\t\t\t\t\t<div class=\"inner-box\">\n\t\t\t\t\t\t\t\t\t<div class=\"icon-box\"><i aria-hidden=\"true\" class=\"icon-Phone\"><\/i><\/i><\/div>\n\t\t\t\t\t\t\t\t\t<h3>Oficina de Turismo<\/h3>\n\t\t\t\t\t\t\t\t\t<p><a style=\"color:#ff7c5b;\" href=\"tel:+32 9 266 56 60\">+32 9 266 56 60<\/a><br\/>\n<p><span style=\"font-weight:500\">Oficina de Informaci\u00f3n<\/span><br\/>\nVeerleplein 5<br\/>\n9000 Gante<br\/>\n<\/p><\/p>\n\t\t\t\t\t\t\t\t<\/div>\n\t\t\t\t\t\t\t<\/div>\n\t\t\t\t\t\t<\/div>\n\t\t\t\t\t\t\t\t\t\t<\/div>\n\t\t\t<\/div>\n\t\t<\/section>\n\t\t\t\t\t\t<\/div>\n\t\t\t\t<\/div>\n\t\t\t\t\t<\/div>\n\t\t<\/div>\n\t\t\t\t\t<\/div>\n\t\t<\/section>\n\t\t\t\t<section class=\"elementor-section elementor-top-section elementor-element elementor-element-4c166db elementor-section-boxed elementor-section-height-default elementor-section-height-default\" data-id=\"4c166db\" data-element_type=\"section\">\n\t\t\t\t\t\t<div class=\"elementor-container elementor-column-gap-default\">\n\t\t\t\t\t<div class=\"elementor-column elementor-col-100 elementor-top-column elementor-element elementor-element-18f311a\" data-id=\"18f311a\" data-element_type=\"column\">\n\t\t\t<div class=\"elementor-widget-wrap elementor-element-populated\">\n\t\t\t\t\t\t<div class=\"elementor-element elementor-element-34e1489 elementor-widget elementor-widget-heading\" data-id=\"34e1489\" data-element_type=\"widget\" data-widget_type=\"heading.default\">\n\t\t\t\t<div class=\"elementor-widget-container\">\n\t\t\t\t\t<h2 class=\"elementor-heading-title elementor-size-default\">\u00bfQuienes somos? \u00bfQue estamos haciendo?<\/h2>\t\t\t\t<\/div>\n\t\t\t\t<\/div>\n\t\t\t\t<section class=\"elementor-section elementor-inner-section elementor-element elementor-element-3b509ec elementor-section-boxed elementor-section-height-default elementor-section-height-default\" data-id=\"3b509ec\" data-element_type=\"section\">\n\t\t\t\t\t\t<div class=\"elementor-container elementor-column-gap-wider\">\n\t\t\t\t\t<div class=\"elementor-column elementor-col-50 elementor-inner-column elementor-element elementor-element-9a0fe23\" data-id=\"9a0fe23\" data-element_type=\"column\">\n\t\t\t<div class=\"elementor-widget-wrap elementor-element-populated\">\n\t\t\t\t\t\t<div class=\"elementor-element elementor-element-182af52 elementor-widget elementor-widget-heading\" data-id=\"182af52\" data-element_type=\"widget\" data-widget_type=\"heading.default\">\n\t\t\t\t<div class=\"elementor-widget-container\">\n\t\t\t\t\t<h4 class=\"elementor-heading-title elementor-size-default\">Si est\u00e1 buscando un hotel, ha venido al lugar correcto.\n\n<\/h4>\t\t\t\t<\/div>\n\t\t\t\t<\/div>\n\t\t\t\t<div class=\"elementor-element elementor-element-743b9ef elementor-icon-list--layout-traditional elementor-list-item-link-full_width elementor-widget elementor-widget-icon-list\" data-id=\"743b9ef\" data-element_type=\"widget\" data-widget_type=\"icon-list.default\">\n\t\t\t\t<div class=\"elementor-widget-container\">\n\t\t\t\t\t\t\t<ul class=\"elementor-icon-list-items\">\n\t\t\t\t\t\t\t<li class=\"elementor-icon-list-item\">\n\t\t\t\t\t\t\t\t\t\t\t<span class=\"elementor-icon-list-icon\">\n\t\t\t\t\t\t\t<i aria-hidden=\"true\" class=\"icon-Check-3\"><\/i>\t\t\t\t\t\t<\/span>\n\t\t\t\t\t\t\t\t\t\t<span class=\"elementor-icon-list-text\">Gent hotels trabaja sin comisi\u00f3n.<\/span>\n\t\t\t\t\t\t\t\t\t<\/li>\n\t\t\t\t\t\t\t\t<li class=\"elementor-icon-list-item\">\n\t\t\t\t\t\t\t\t\t\t\t<span class=\"elementor-icon-list-icon\">\n\t\t\t\t\t\t\t<i aria-hidden=\"true\" class=\"icon-Check-3\"><\/i>\t\t\t\t\t\t<\/span>\n\t\t\t\t\t\t\t\t\t\t<span class=\"elementor-icon-list-text\">Todas las reservas son 100% seguras gracias a todos nuestros miembros.<\/span>\n\t\t\t\t\t\t\t\t\t<\/li>\n\t\t\t\t\t\t\t\t<li class=\"elementor-icon-list-item\">\n\t\t\t\t\t\t\t\t\t\t\t<span class=\"elementor-icon-list-icon\">\n\t\t\t\t\t\t\t<i aria-hidden=\"true\" class=\"icon-Check-3\"><\/i>\t\t\t\t\t\t<\/span>\n\t\t\t\t\t\t\t\t\t\t<span class=\"elementor-icon-list-text\">Gent Hotels ofrece ofertas, promociones especiales y paquetes para individuales y grupos.<\/span>\n\t\t\t\t\t\t\t\t\t<\/li>\n\t\t\t\t\t\t\t\t<li class=\"elementor-icon-list-item\">\n\t\t\t\t\t\t\t\t\t\t\t<span class=\"elementor-icon-list-icon\">\n\t\t\t\t\t\t\t<i aria-hidden=\"true\" class=\"icon-Check-3\"><\/i>\t\t\t\t\t\t<\/span>\n\t\t\t\t\t\t\t\t\t\t<span class=\"elementor-icon-list-text\">Gent Hotels es sin\u00f3nimo de buen servicio al realizar reservas de hoteles y paquetes asociados.<\/span>\n\t\t\t\t\t\t\t\t\t<\/li>\n\t\t\t\t\t\t\t\t<li class=\"elementor-icon-list-item\">\n\t\t\t\t\t\t\t\t\t\t\t<span class=\"elementor-icon-list-icon\">\n\t\t\t\t\t\t\t<i aria-hidden=\"true\" class=\"icon-Check-3\"><\/i>\t\t\t\t\t\t<\/span>\n\t\t\t\t\t\t\t\t\t\t<span class=\"elementor-icon-list-text\">Siempre a las mejores tarifas y condiciones.<\/span>\n\t\t\t\t\t\t\t\t\t<\/li>\n\t\t\t\t\t\t<\/ul>\n\t\t\t\t\t\t<\/div>\n\t\t\t\t<\/div>\n\t\t\t\t\t<\/div>\n\t\t<\/div>\n\t\t\t\t<div class=\"elementor-column elementor-col-50 elementor-inner-column elementor-element elementor-element-57fa500\" data-id=\"57fa500\" data-element_type=\"column\">\n\t\t\t<div class=\"elementor-widget-wrap elementor-element-populated\">\n\t\t\t\t\t\t<div class=\"elementor-element elementor-element-60f2114 elementor-widget elementor-widget-text-editor\" data-id=\"60f2114\" data-element_type=\"widget\" data-widget_type=\"text-editor.default\">\n\t\t\t\t<div class=\"elementor-widget-container\">\n\t\t\t\t\t\t\t\t\t<p>Vzw Gent Hotels es una asociaci\u00f3n a la que est\u00e1n afiliados todos los hoteles autorizados en Gante. Aqu\u00ed puede contar con el servicio adecuado, la calidad y las mejores tarifas que cualquier hotel tiene para ofrecer. Los hoteles se pueden reservar con varias calificaciones de estrellas, hoteles con encanto, hoteles de negocios, hoteles familiares, hoteles de dise\u00f1o y cadenas hoteleras.<\/p><p>Cada mes, los miembros afiliados se re\u00fanen para discutir c\u00f3mo mejorar el funcionamiento y el servicio al cliente de cada hotel.<\/p><p>Esperamos darle la bienvenida pronto.<\/p><p>Organizaci\u00f3n sin \u00e1nimo de lucro Ghent Hotels<\/p>\t\t\t\t\t\t\t\t<\/div>\n\t\t\t\t<\/div>\n\t\t\t\t\t<\/div>\n\t\t<\/div>\n\t\t\t\t\t<\/div>\n\t\t<\/section>\n\t\t\t\t\t<\/div>\n\t\t<\/div>\n\t\t\t\t\t<\/div>\n\t\t<\/section>\n\t\t\t\t<\/div>","protected":false},"excerpt":{"rendered":"<p>Informaci\u00f3n general info@genthotels.be Banco KBCIBAN: BE92 7370 2870 0323 BIC: KREDBEBB VAT: BE 0431.823.016 Oficina de turismo +32 9 266 56 60 Oficina de informaci\u00f3n Veerleplein 5 9000 Gent \u00bfQui\u00e9nes somos? \u00bfQue estamos haciendo? Si est\u00e1 buscando un hotel, entonces ha venido al lugar correcto. Hoteles Gent trabaja sin comisi\u00f3n. \u2020<\/p>","protected":false},"author":1,"featured_media":2859,"parent":0,"menu_order":0,"comment_status":"closed","ping_status":"closed","template":"elementor_header_footer","meta":{"_acf_changed":false,"footnotes":""},"class_list":["post-1846","page","type-page","status-publish","has-post-thumbnail","hentry"],"acf":[],"yoast_head":"<!-- This site is optimized with the Yoast SEO plugin v26.7 - https:\/\/yoast.com\/wordpress\/plugins\/seo\/ -->\n<title>Gent Hotels vzw - Gent Hotels<\/title>\n<meta name=\"robots\" content=\"index, follow, max-snippet:-1, max-image-preview:large, max-video-preview:-1\" \/>\n<link rel=\"canonical\" href=\"https:\/\/genthotels.be\/es\/contact\/\" \/>\n<meta property=\"og:locale\" content=\"es_ES\" \/>\n<meta property=\"og:type\" content=\"article\" \/>\n<meta property=\"og:title\" content=\"Gent Hotels vzw - Gent Hotels\" \/>\n<meta property=\"og:description\" content=\"Algemene informatie info@genthotels.be Bank KBCIBAN: BE92 7370 2870 0323 BIC: KREDBEBB BTW: BE 0431.823.016 Dienst voor Toerisme +32 9 266 56 60 Info kantoor Veerleplein 5 9000 Gent Wie zijn we? Wat doen we? Bent u op zoek naar een hotel, dan bent u bij ons aan het goede adres. Gent hotels werkt zonder commissie. [&hellip;]\" \/>\n<meta property=\"og:url\" content=\"https:\/\/genthotels.be\/es\/contact\/\" \/>\n<meta property=\"og:site_name\" content=\"Gent Hotels\" \/>\n<meta property=\"article:modified_time\" content=\"2021-07-30T10:09:41+00:00\" \/>\n<meta property=\"og:image\" content=\"https:\/\/genthotels.be\/wp-content\/uploads\/2021\/06\/genthotels-04-scaled.jpeg\" \/>\n\t<meta property=\"og:image:width\" content=\"2048\" \/>\n\t<meta property=\"og:image:height\" content=\"766\" \/>\n\t<meta property=\"og:image:type\" content=\"image\/jpeg\" \/>\n<meta name=\"twitter:card\" content=\"summary_large_image\" \/>\n<meta name=\"twitter:label1\" content=\"Tiempo de lectura\" \/>\n\t<meta name=\"twitter:data1\" content=\"1 minuto\" \/>\n<script type=\"application\/ld+json\" class=\"yoast-schema-graph\">{\"@context\":\"https:\/\/schema.org\",\"@graph\":[{\"@type\":\"WebPage\",\"@id\":\"https:\/\/genthotels.be\/nl\/contact\/\",\"url\":\"https:\/\/genthotels.be\/nl\/contact\/\",\"name\":\"Gent Hotels vzw - Gent Hotels\",\"isPartOf\":{\"@id\":\"https:\/\/genthotels.be\/en\/#website\"},\"primaryImageOfPage\":{\"@id\":\"https:\/\/genthotels.be\/nl\/contact\/#primaryimage\"},\"image\":{\"@id\":\"https:\/\/genthotels.be\/nl\/contact\/#primaryimage\"},\"thumbnailUrl\":\"https:\/\/genthotels.be\/wp-content\/uploads\/2021\/06\/genthotels-04-scaled.jpeg\",\"datePublished\":\"2021-03-07T05:19:08+00:00\",\"dateModified\":\"2021-07-30T10:09:41+00:00\",\"breadcrumb\":{\"@id\":\"https:\/\/genthotels.be\/nl\/contact\/#breadcrumb\"},\"inLanguage\":\"es\",\"potentialAction\":[{\"@type\":\"ReadAction\",\"target\":[\"https:\/\/genthotels.be\/nl\/contact\/\"]}]},{\"@type\":\"ImageObject\",\"inLanguage\":\"es\",\"@id\":\"https:\/\/genthotels.be\/nl\/contact\/#primaryimage\",\"url\":\"https:\/\/genthotels.be\/wp-content\/uploads\/2021\/06\/genthotels-04-scaled.jpeg\",\"contentUrl\":\"https:\/\/genthotels.be\/wp-content\/uploads\/2021\/06\/genthotels-04-scaled.jpeg\",\"width\":2048,\"height\":766,\"caption\":\"Panoramic view of the Graslei, quay in the promenade next to river Lys in Ghent, Belgium and St Michael's Bridge at dusk. Gent old town is famous for its beautiful illuminated buildings and landmarks\"},{\"@type\":\"BreadcrumbList\",\"@id\":\"https:\/\/genthotels.be\/nl\/contact\/#breadcrumb\",\"itemListElement\":[{\"@type\":\"ListItem\",\"position\":1,\"name\":\"Home\",\"item\":\"https:\/\/genthotels.be\/\"},{\"@type\":\"ListItem\",\"position\":2,\"name\":\"Gent Hotels vzw\"}]},{\"@type\":\"WebSite\",\"@id\":\"https:\/\/genthotels.be\/en\/#website\",\"url\":\"https:\/\/genthotels.be\/en\/\",\"name\":\"Gent Hotels\",\"description\":\"Gent Hotels speciale acties, kortingen en promoties\",\"publisher\":{\"@id\":\"https:\/\/genthotels.be\/en\/#organization\"},\"potentialAction\":[{\"@type\":\"SearchAction\",\"target\":{\"@type\":\"EntryPoint\",\"urlTemplate\":\"https:\/\/genthotels.be\/en\/?s={search_term_string}\"},\"query-input\":{\"@type\":\"PropertyValueSpecification\",\"valueRequired\":true,\"valueName\":\"search_term_string\"}}],\"inLanguage\":\"es\"},{\"@type\":\"Organization\",\"@id\":\"https:\/\/genthotels.be\/en\/#organization\",\"name\":\"Gent Hotels\",\"url\":\"https:\/\/genthotels.be\/en\/\",\"logo\":{\"@type\":\"ImageObject\",\"inLanguage\":\"es\",\"@id\":\"https:\/\/genthotels.be\/en\/#\/schema\/logo\/image\/\",\"url\":\"https:\/\/genthotels.be\/wp-content\/uploads\/2021\/07\/logo-gent-hotels-v2-white.svg\",\"contentUrl\":\"https:\/\/genthotels.be\/wp-content\/uploads\/2021\/07\/logo-gent-hotels-v2-white.svg\",\"caption\":\"Gent Hotels\"},\"image\":{\"@id\":\"https:\/\/genthotels.be\/en\/#\/schema\/logo\/image\/\"}}]}<\/script>\n<!-- \/ Yoast SEO plugin. -->","yoast_head_json":{"title":"Gent Hotels vzw - Gent Hotels","robots":{"index":"index","follow":"follow","max-snippet":"max-snippet:-1","max-image-preview":"max-image-preview:large","max-video-preview":"max-video-preview:-1"},"canonical":"https:\/\/genthotels.be\/es\/contact\/","og_locale":"es_ES","og_type":"article","og_title":"Gent Hotels vzw - Gent Hotels","og_description":"Algemene informatie info@genthotels.be Bank KBCIBAN: BE92 7370 2870 0323 BIC: KREDBEBB BTW: BE 0431.823.016 Dienst voor Toerisme +32 9 266 56 60 Info kantoor Veerleplein 5 9000 Gent Wie zijn we? Wat doen we? Bent u op zoek naar een hotel, dan bent u bij ons aan het goede adres. Gent hotels werkt zonder commissie. [&hellip;]","og_url":"https:\/\/genthotels.be\/es\/contact\/","og_site_name":"Gent Hotels","article_modified_time":"2021-07-30T10:09:41+00:00","og_image":[{"width":2048,"height":766,"url":"https:\/\/genthotels.be\/wp-content\/uploads\/2021\/06\/genthotels-04-scaled.jpeg","type":"image\/jpeg"}],"twitter_card":"summary_large_image","twitter_misc":{"Tiempo de lectura":"1 minuto"},"schema":{"@context":"https:\/\/schema.org","@graph":[{"@type":"WebPage","@id":"https:\/\/genthotels.be\/nl\/contact\/","url":"https:\/\/genthotels.be\/nl\/contact\/","name":"Gent Hotels vzw - Gent Hotels","isPartOf":{"@id":"https:\/\/genthotels.be\/en\/#website"},"primaryImageOfPage":{"@id":"https:\/\/genthotels.be\/nl\/contact\/#primaryimage"},"image":{"@id":"https:\/\/genthotels.be\/nl\/contact\/#primaryimage"},"thumbnailUrl":"https:\/\/genthotels.be\/wp-content\/uploads\/2021\/06\/genthotels-04-scaled.jpeg","datePublished":"2021-03-07T05:19:08+00:00","dateModified":"2021-07-30T10:09:41+00:00","breadcrumb":{"@id":"https:\/\/genthotels.be\/nl\/contact\/#breadcrumb"},"inLanguage":"es","potentialAction":[{"@type":"ReadAction","target":["https:\/\/genthotels.be\/nl\/contact\/"]}]},{"@type":"ImageObject","inLanguage":"es","@id":"https:\/\/genthotels.be\/nl\/contact\/#primaryimage","url":"https:\/\/genthotels.be\/wp-content\/uploads\/2021\/06\/genthotels-04-scaled.jpeg","contentUrl":"https:\/\/genthotels.be\/wp-content\/uploads\/2021\/06\/genthotels-04-scaled.jpeg","width":2048,"height":766,"caption":"Panoramic view of the Graslei, quay in the promenade next to river Lys in Ghent, Belgium and St Michael's Bridge at dusk. Gent old town is famous for its beautiful illuminated buildings and landmarks"},{"@type":"BreadcrumbList","@id":"https:\/\/genthotels.be\/nl\/contact\/#breadcrumb","itemListElement":[{"@type":"ListItem","position":1,"name":"Home","item":"https:\/\/genthotels.be\/"},{"@type":"ListItem","position":2,"name":"Gent Hotels vzw"}]},{"@type":"WebSite","@id":"https:\/\/genthotels.be\/en\/#website","url":"https:\/\/genthotels.be\/en\/","name":"Hoteles en Gante","description":"Promociones, descuentos y promociones especiales de Gent Hotels","publisher":{"@id":"https:\/\/genthotels.be\/en\/#organization"},"potentialAction":[{"@type":"SearchAction","target":{"@type":"EntryPoint","urlTemplate":"https:\/\/genthotels.be\/en\/?s={search_term_string}"},"query-input":{"@type":"PropertyValueSpecification","valueRequired":true,"valueName":"search_term_string"}}],"inLanguage":"es"},{"@type":"Organization","@id":"https:\/\/genthotels.be\/en\/#organization","name":"Hoteles en Gante","url":"https:\/\/genthotels.be\/en\/","logo":{"@type":"ImageObject","inLanguage":"es","@id":"https:\/\/genthotels.be\/en\/#\/schema\/logo\/image\/","url":"https:\/\/genthotels.be\/wp-content\/uploads\/2021\/07\/logo-gent-hotels-v2-white.svg","contentUrl":"https:\/\/genthotels.be\/wp-content\/uploads\/2021\/07\/logo-gent-hotels-v2-white.svg","caption":"Gent Hotels"},"image":{"@id":"https:\/\/genthotels.be\/en\/#\/schema\/logo\/image\/"}}]}},"_links":{"self":[{"href":"https:\/\/genthotels.be\/es\/wp-json\/wp\/v2\/pages\/1846","targetHints":{"allow":["GET"]}}],"collection":[{"href":"https:\/\/genthotels.be\/es\/wp-json\/wp\/v2\/pages"}],"about":[{"href":"https:\/\/genthotels.be\/es\/wp-json\/wp\/v2\/types\/page"}],"author":[{"embeddable":true,"href":"https:\/\/genthotels.be\/es\/wp-json\/wp\/v2\/users\/1"}],"replies":[{"embeddable":true,"href":"https:\/\/genthotels.be\/es\/wp-json\/wp\/v2\/comments?post=1846"}],"version-history":[{"count":0,"href":"https:\/\/genthotels.be\/es\/wp-json\/wp\/v2\/pages\/1846\/revisions"}],"wp:featuredmedia":[{"embeddable":true,"href":"https:\/\/genthotels.be\/es\/wp-json\/wp\/v2\/media\/2859"}],"wp:attachment":[{"href":"https:\/\/genthotels.be\/es\/wp-json\/wp\/v2\/media?parent=1846"}],"curies":[{"name":"wp","href":"https:\/\/api.w.org\/{rel}","templated":true}]}}