{"id":4991,"date":"2024-11-27T09:44:35","date_gmt":"2024-11-27T09:44:35","guid":{"rendered":"https:\/\/genthotels.be\/?page_id=4991"},"modified":"2024-11-27T10:09:57","modified_gmt":"2024-11-27T10:09:57","slug":"judith-een-karolingische-prinses-in-gent","status":"publish","type":"page","link":"https:\/\/genthotels.be\/de\/judith-een-karolingische-prinses-in-gent\/","title":{"rendered":"Judith, eine karolingische Prinzessin in Gent?"},"content":{"rendered":"<div data-elementor-type=\"wp-page\" data-elementor-id=\"4991\" class=\"elementor elementor-4991\" data-elementor-post-type=\"page\">\n\t\t\t\t\t\t<section class=\"elementor-section elementor-top-section elementor-element elementor-element-ca96705 elementor-section-full_width elementor-section-height-default elementor-section-height-default\" data-id=\"ca96705\" data-element_type=\"section\" data-settings=\"{&quot;background_background&quot;:&quot;classic&quot;}\">\n\t\t\t\t\t\t<div class=\"elementor-container elementor-column-gap-default\">\n\t\t\t\t\t<div class=\"elementor-column elementor-col-100 elementor-top-column elementor-element elementor-element-e9f1334\" data-id=\"e9f1334\" data-element_type=\"column\">\n\t\t\t<div class=\"elementor-widget-wrap elementor-element-populated\">\n\t\t\t\t\t\t<div class=\"elementor-element elementor-element-e4cc87f elementor-widget elementor-widget-spacer\" data-id=\"e4cc87f\" data-element_type=\"widget\" data-widget_type=\"spacer.default\">\n\t\t\t\t<div class=\"elementor-widget-container\">\n\t\t\t\t\t\t\t<div class=\"elementor-spacer\">\n\t\t\t<div class=\"elementor-spacer-inner\"><\/div>\n\t\t<\/div>\n\t\t\t\t\t\t<\/div>\n\t\t\t\t<\/div>\n\t\t\t\t\t<\/div>\n\t\t<\/div>\n\t\t\t\t\t<\/div>\n\t\t<\/section>\n\t\t\t\t<section class=\"elementor-section elementor-top-section elementor-element elementor-element-0ada259 elementor-section-boxed elementor-section-height-default elementor-section-height-default\" data-id=\"0ada259\" data-element_type=\"section\">\n\t\t\t\t\t\t<div class=\"elementor-container elementor-column-gap-default\">\n\t\t\t\t\t<div class=\"elementor-column elementor-col-100 elementor-top-column elementor-element elementor-element-29bc292\" data-id=\"29bc292\" data-element_type=\"column\">\n\t\t\t<div class=\"elementor-widget-wrap elementor-element-populated\">\n\t\t\t\t\t\t<div class=\"elementor-element elementor-element-758774a elementor-widget elementor-widget-spacer\" data-id=\"758774a\" data-element_type=\"widget\" data-widget_type=\"spacer.default\">\n\t\t\t\t<div class=\"elementor-widget-container\">\n\t\t\t\t\t\t\t<div class=\"elementor-spacer\">\n\t\t\t<div class=\"elementor-spacer-inner\"><\/div>\n\t\t<\/div>\n\t\t\t\t\t\t<\/div>\n\t\t\t\t<\/div>\n\t\t\t\t\t<\/div>\n\t\t<\/div>\n\t\t\t\t\t<\/div>\n\t\t<\/section>\n\t\t\t\t<section class=\"elementor-section elementor-top-section elementor-element elementor-element-04567f7 elementor-section-boxed elementor-section-height-default elementor-section-height-default\" data-id=\"04567f7\" data-element_type=\"section\">\n\t\t\t\t\t\t<div class=\"elementor-container elementor-column-gap-default\">\n\t\t\t\t\t<div class=\"elementor-column elementor-col-100 elementor-top-column elementor-element elementor-element-57bfade\" data-id=\"57bfade\" data-element_type=\"column\">\n\t\t\t<div class=\"elementor-widget-wrap elementor-element-populated\">\n\t\t\t\t\t\t<div class=\"elementor-element elementor-element-4981a03 elementor-widget elementor-widget-heading\" data-id=\"4981a03\" data-element_type=\"widget\" data-widget_type=\"heading.default\">\n\t\t\t\t<div class=\"elementor-widget-container\">\n\t\t\t\t\t<h1 class=\"elementor-heading-title elementor-size-default\">Judith, eine karolingische Prinzessin in Gent?<\/h1>\t\t\t\t<\/div>\n\t\t\t\t<\/div>\n\t\t\t\t<div class=\"elementor-element elementor-element-a720dea elementor-widget elementor-widget-text-editor\" data-id=\"a720dea\" data-element_type=\"widget\" data-widget_type=\"text-editor.default\">\n\t\t\t\t<div class=\"elementor-widget-container\">\n\t\t\t\t\t\t\t\t\t<p>Er\u00f6ffnen Sie als Besucher eine spezielle \u201eKrimieinheit\u201c, die 2006 aus Mangel an Beweisen geschlossen wurde. Der Hintergrund dieser fesselnden Geschichte: Die Abtei St. Peter in Gent, einst die letzte Ruhest\u00e4tte der Grafen von Flandern. Arch\u00e4ologen der Stadt Gent, Historiker und Bioanthropologen der Universit\u00e4t Gent b\u00fcndeln ihre Kr\u00e4fte und untersuchen das Grab S127, das beim Bau der Tiefgarage gefunden wurde.<\/p><p>Gemeinsam mit den Forschern tauchen Sie in die Wissenschaft ein und versuchen, das Lebensr\u00e4tsel von Judith, der K\u00f6nigstochter und ersten Gr\u00e4fin von Flandern, zusammenzusetzen. Sie lernen die entscheidungsfreudige Judith kennen. Eine faszinierende junge Frau, die ihr Schicksal selbst in die Hand nimmt und ihrem k\u00f6niglichen Vater die Stirn bietet. Die Recherche f\u00fchrt Sie zur\u00fcck in die Vergangenheit, zu den Schatzkammern und Intrigen der karolingischen Elite und dem Strudel der Familienkriege, in dem die Grafschaft Flandern entstand.<\/p>\t\t\t\t\t\t\t\t<\/div>\n\t\t\t\t<\/div>\n\t\t\t\t<div class=\"elementor-element elementor-element-28619a4 elementor-widget elementor-widget-button\" data-id=\"28619a4\" data-element_type=\"widget\" data-widget_type=\"button.default\">\n\t\t\t\t<div class=\"elementor-widget-container\">\n\t\t\t\t\t\t\t\t\t<div class=\"elementor-button-wrapper\">\n\t\t\t\t\t<a class=\"elementor-button elementor-button-link elementor-size-sm\" href=\"https:\/\/historischehuizen.stad.gent\/nl\/sint-pietersabdij\/tentoonstellingen\/judith\" target=\"_blank\">\n\t\t\t\t\t\t<span class=\"elementor-button-content-wrapper\">\n\t\t\t\t\t\t\t\t\t<span class=\"elementor-button-text\">Weitere Informationen und Besuchsangebote \u2192<\/span>\n\t\t\t\t\t<\/span>\n\t\t\t\t\t<\/a>\n\t\t\t\t<\/div>\n\t\t\t\t\t\t\t\t<\/div>\n\t\t\t\t<\/div>\n\t\t\t\t<div class=\"elementor-element elementor-element-b9fabd8 elementor-widget elementor-widget-heading\" data-id=\"b9fabd8\" data-element_type=\"widget\" data-widget_type=\"heading.default\">\n\t\t\t\t<div class=\"elementor-widget-container\">\n\t\t\t\t\t<h3 class=\"elementor-heading-title elementor-size-default\">Gef\u00fchrte Besichtigungen mit Bootstour zur Judith-Ausstellung<\/h3>\t\t\t\t<\/div>\n\t\t\t\t<\/div>\n\t\t\t\t<div class=\"elementor-element elementor-element-1f2dc4f elementor-widget elementor-widget-image\" data-id=\"1f2dc4f\" data-element_type=\"widget\" data-widget_type=\"image.default\">\n\t\t\t\t<div class=\"elementor-widget-container\">\n\t\t\t\t\t\t\t\t\t\t\t\t\t\t\t\t<a href=\"https:\/\/www.gent-watertoerist.be\/boottochten-gent\/groepen\/volledig-dagprogramma\/dagprogramma-judith.html\" target=\"_blank\">\n\t\t\t\t\t\t\t<img decoding=\"async\" width=\"468\" height=\"71\" src=\"https:\/\/genthotels.be\/wp-content\/uploads\/2024\/11\/image2-33.png\" class=\"attachment-large size-large wp-image-5013\" alt=\"\" srcset=\"https:\/\/genthotels.be\/wp-content\/uploads\/2024\/11\/image2-33.png 468w, https:\/\/genthotels.be\/wp-content\/uploads\/2024\/11\/image2-33-300x46.png 300w, https:\/\/genthotels.be\/wp-content\/uploads\/2024\/11\/image2-33-18x3.png 18w\" sizes=\"(max-width: 468px) 100vw, 468px\" \/>\t\t\t\t\t\t\t\t<\/a>\n\t\t\t\t\t\t\t\t\t\t\t\t\t\t\t<\/div>\n\t\t\t\t<\/div>\n\t\t\t\t<div class=\"elementor-element elementor-element-e11649b elementor-widget elementor-widget-button\" data-id=\"e11649b\" data-element_type=\"widget\" data-widget_type=\"button.default\">\n\t\t\t\t<div class=\"elementor-widget-container\">\n\t\t\t\t\t\t\t\t\t<div class=\"elementor-button-wrapper\">\n\t\t\t\t\t<a class=\"elementor-button elementor-button-link elementor-size-sm\" href=\"https:\/\/www.gent-watertoerist.be\/boottochten-gent\/groepen\/volledig-dagprogramma\/dagprogramma-judith.html\" target=\"_blank\">\n\t\t\t\t\t\t<span class=\"elementor-button-content-wrapper\">\n\t\t\t\t\t\t\t\t\t<span class=\"elementor-button-text\">Weitere Informationen \u2192<\/span>\n\t\t\t\t\t<\/span>\n\t\t\t\t\t<\/a>\n\t\t\t\t<\/div>\n\t\t\t\t\t\t\t\t<\/div>\n\t\t\t\t<\/div>\n\t\t\t\t\t<\/div>\n\t\t<\/div>\n\t\t\t\t\t<\/div>\n\t\t<\/section>\n\t\t\t\t<section class=\"elementor-section elementor-top-section elementor-element elementor-element-70596f4 elementor-section-boxed elementor-section-height-default elementor-section-height-default\" data-id=\"70596f4\" data-element_type=\"section\">\n\t\t\t\t\t\t<div class=\"elementor-container elementor-column-gap-default\">\n\t\t\t\t\t<div class=\"elementor-column elementor-col-100 elementor-top-column elementor-element elementor-element-bf37081\" data-id=\"bf37081\" data-element_type=\"column\">\n\t\t\t<div class=\"elementor-widget-wrap elementor-element-populated\">\n\t\t\t\t\t\t<div class=\"elementor-element elementor-element-600dbf5 elementor-widget elementor-widget-spacer\" data-id=\"600dbf5\" data-element_type=\"widget\" data-widget_type=\"spacer.default\">\n\t\t\t\t<div class=\"elementor-widget-container\">\n\t\t\t\t\t\t\t<div class=\"elementor-spacer\">\n\t\t\t<div class=\"elementor-spacer-inner\"><\/div>\n\t\t<\/div>\n\t\t\t\t\t\t<\/div>\n\t\t\t\t<\/div>\n\t\t\t\t\t<\/div>\n\t\t<\/div>\n\t\t\t\t\t<\/div>\n\t\t<\/section>\n\t\t\t\t<\/div>","protected":false},"excerpt":{"rendered":"<p>Judith, eine karolingische Prinzessin in Gent? Ein einzigartiger Krimi, der 2006 wegen fehlender Beweise geschlossen wurde, wird wieder f\u00fcr Besucher ge\u00f6ffnet. Hintergrund dieser spannenden Geschichte: die Genter St.-Peters-Abtei, einst die letzte Ruhest\u00e4tte der Grafen von Flandern. Arch\u00e4ologen der Stadt Gent, Historiker und Bioanthropologen der Universit\u00e4t Gent b\u00fcndeln ihre Kr\u00e4fte [\u2026]<\/p>","protected":false},"author":1,"featured_media":0,"parent":0,"menu_order":0,"comment_status":"closed","ping_status":"closed","template":"elementor_header_footer","meta":{"_acf_changed":false,"footnotes":""},"class_list":["post-4991","page","type-page","status-publish","hentry"],"acf":[],"yoast_head":"<!-- This site is optimized with the Yoast SEO plugin v26.7 - https:\/\/yoast.com\/wordpress\/plugins\/seo\/ -->\n<title>Judith, een Karolingische prinses in Gent? - Gent Hotels<\/title>\n<meta name=\"robots\" content=\"index, follow, max-snippet:-1, max-image-preview:large, max-video-preview:-1\" \/>\n<link rel=\"canonical\" href=\"https:\/\/genthotels.be\/de\/judith-een-karolingische-prinses-in-gent\/\" \/>\n<meta property=\"og:locale\" content=\"de_DE\" \/>\n<meta property=\"og:type\" content=\"article\" \/>\n<meta property=\"og:title\" content=\"Judith, een Karolingische prinses in Gent? - Gent Hotels\" \/>\n<meta property=\"og:description\" content=\"Judith, een Karolingische prinses in Gent? Heropen als bezoeker een bijzondere &#8220;whodunit&#8221; die in 2006 werd afgesloten wegens gebrek aan bewijs. De achtergrond van dit meeslepende verhaal: de Gentse Sint-Pietersabdij, ooit de laatste rustplaats van de graven van Vlaanderen. Archeologen van Stad Gent, historici en bio-antropologen van de Universiteit Gent slaan de handen in elkaar [&hellip;]\" \/>\n<meta property=\"og:url\" content=\"https:\/\/genthotels.be\/de\/judith-een-karolingische-prinses-in-gent\/\" \/>\n<meta property=\"og:site_name\" content=\"Gent Hotels\" \/>\n<meta property=\"article:modified_time\" content=\"2024-11-27T10:09:57+00:00\" \/>\n<meta property=\"og:image\" content=\"https:\/\/genthotels.be\/wp-content\/uploads\/2024\/11\/image2-33.png\" \/>\n<meta name=\"twitter:card\" content=\"summary_large_image\" \/>\n<meta name=\"twitter:label1\" content=\"Gesch\u00e4tzte Lesezeit\" \/>\n\t<meta name=\"twitter:data1\" content=\"2\u00a0Minuten\" \/>\n<script type=\"application\/ld+json\" class=\"yoast-schema-graph\">{\"@context\":\"https:\/\/schema.org\",\"@graph\":[{\"@type\":\"WebPage\",\"@id\":\"https:\/\/genthotels.be\/nl\/judith-een-karolingische-prinses-in-gent\/\",\"url\":\"https:\/\/genthotels.be\/nl\/judith-een-karolingische-prinses-in-gent\/\",\"name\":\"Judith, een Karolingische prinses in Gent? - Gent Hotels\",\"isPartOf\":{\"@id\":\"https:\/\/genthotels.be\/en\/#website\"},\"primaryImageOfPage\":{\"@id\":\"https:\/\/genthotels.be\/nl\/judith-een-karolingische-prinses-in-gent\/#primaryimage\"},\"image\":{\"@id\":\"https:\/\/genthotels.be\/nl\/judith-een-karolingische-prinses-in-gent\/#primaryimage\"},\"thumbnailUrl\":\"https:\/\/genthotels.be\/wp-content\/uploads\/2024\/11\/image2-33.png\",\"datePublished\":\"2024-11-27T09:44:35+00:00\",\"dateModified\":\"2024-11-27T10:09:57+00:00\",\"breadcrumb\":{\"@id\":\"https:\/\/genthotels.be\/nl\/judith-een-karolingische-prinses-in-gent\/#breadcrumb\"},\"inLanguage\":\"de\",\"potentialAction\":[{\"@type\":\"ReadAction\",\"target\":[\"https:\/\/genthotels.be\/nl\/judith-een-karolingische-prinses-in-gent\/\"]}]},{\"@type\":\"ImageObject\",\"inLanguage\":\"de\",\"@id\":\"https:\/\/genthotels.be\/nl\/judith-een-karolingische-prinses-in-gent\/#primaryimage\",\"url\":\"https:\/\/genthotels.be\/wp-content\/uploads\/2024\/11\/image2-33.png\",\"contentUrl\":\"https:\/\/genthotels.be\/wp-content\/uploads\/2024\/11\/image2-33.png\"},{\"@type\":\"BreadcrumbList\",\"@id\":\"https:\/\/genthotels.be\/nl\/judith-een-karolingische-prinses-in-gent\/#breadcrumb\",\"itemListElement\":[{\"@type\":\"ListItem\",\"position\":1,\"name\":\"Home\",\"item\":\"https:\/\/genthotels.be\/\"},{\"@type\":\"ListItem\",\"position\":2,\"name\":\"Judith, een Karolingische prinses in Gent?\"}]},{\"@type\":\"WebSite\",\"@id\":\"https:\/\/genthotels.be\/en\/#website\",\"url\":\"https:\/\/genthotels.be\/en\/\",\"name\":\"Gent Hotels\",\"description\":\"Gent Hotels speciale acties, kortingen en promoties\",\"publisher\":{\"@id\":\"https:\/\/genthotels.be\/en\/#organization\"},\"potentialAction\":[{\"@type\":\"SearchAction\",\"target\":{\"@type\":\"EntryPoint\",\"urlTemplate\":\"https:\/\/genthotels.be\/en\/?s={search_term_string}\"},\"query-input\":{\"@type\":\"PropertyValueSpecification\",\"valueRequired\":true,\"valueName\":\"search_term_string\"}}],\"inLanguage\":\"de\"},{\"@type\":\"Organization\",\"@id\":\"https:\/\/genthotels.be\/en\/#organization\",\"name\":\"Gent Hotels\",\"url\":\"https:\/\/genthotels.be\/en\/\",\"logo\":{\"@type\":\"ImageObject\",\"inLanguage\":\"de\",\"@id\":\"https:\/\/genthotels.be\/en\/#\/schema\/logo\/image\/\",\"url\":\"https:\/\/genthotels.be\/wp-content\/uploads\/2021\/07\/logo-gent-hotels-v2-white.svg\",\"contentUrl\":\"https:\/\/genthotels.be\/wp-content\/uploads\/2021\/07\/logo-gent-hotels-v2-white.svg\",\"caption\":\"Gent Hotels\"},\"image\":{\"@id\":\"https:\/\/genthotels.be\/en\/#\/schema\/logo\/image\/\"}}]}<\/script>\n<!-- \/ Yoast SEO plugin. -->","yoast_head_json":{"title":"Judith, een Karolingische prinses in Gent? - Gent Hotels","robots":{"index":"index","follow":"follow","max-snippet":"max-snippet:-1","max-image-preview":"max-image-preview:large","max-video-preview":"max-video-preview:-1"},"canonical":"https:\/\/genthotels.be\/de\/judith-een-karolingische-prinses-in-gent\/","og_locale":"de_DE","og_type":"article","og_title":"Judith, een Karolingische prinses in Gent? - Gent Hotels","og_description":"Judith, een Karolingische prinses in Gent? Heropen als bezoeker een bijzondere &#8220;whodunit&#8221; die in 2006 werd afgesloten wegens gebrek aan bewijs. De achtergrond van dit meeslepende verhaal: de Gentse Sint-Pietersabdij, ooit de laatste rustplaats van de graven van Vlaanderen. Archeologen van Stad Gent, historici en bio-antropologen van de Universiteit Gent slaan de handen in elkaar [&hellip;]","og_url":"https:\/\/genthotels.be\/de\/judith-een-karolingische-prinses-in-gent\/","og_site_name":"Gent Hotels","article_modified_time":"2024-11-27T10:09:57+00:00","og_image":[{"url":"https:\/\/genthotels.be\/wp-content\/uploads\/2024\/11\/image2-33.png","type":"","width":"","height":""}],"twitter_card":"summary_large_image","twitter_misc":{"Gesch\u00e4tzte Lesezeit":"2\u00a0Minuten"},"schema":{"@context":"https:\/\/schema.org","@graph":[{"@type":"WebPage","@id":"https:\/\/genthotels.be\/nl\/judith-een-karolingische-prinses-in-gent\/","url":"https:\/\/genthotels.be\/nl\/judith-een-karolingische-prinses-in-gent\/","name":"Judith, een Karolingische prinses in Gent? - Gent Hotels","isPartOf":{"@id":"https:\/\/genthotels.be\/en\/#website"},"primaryImageOfPage":{"@id":"https:\/\/genthotels.be\/nl\/judith-een-karolingische-prinses-in-gent\/#primaryimage"},"image":{"@id":"https:\/\/genthotels.be\/nl\/judith-een-karolingische-prinses-in-gent\/#primaryimage"},"thumbnailUrl":"https:\/\/genthotels.be\/wp-content\/uploads\/2024\/11\/image2-33.png","datePublished":"2024-11-27T09:44:35+00:00","dateModified":"2024-11-27T10:09:57+00:00","breadcrumb":{"@id":"https:\/\/genthotels.be\/nl\/judith-een-karolingische-prinses-in-gent\/#breadcrumb"},"inLanguage":"de","potentialAction":[{"@type":"ReadAction","target":["https:\/\/genthotels.be\/nl\/judith-een-karolingische-prinses-in-gent\/"]}]},{"@type":"ImageObject","inLanguage":"de","@id":"https:\/\/genthotels.be\/nl\/judith-een-karolingische-prinses-in-gent\/#primaryimage","url":"https:\/\/genthotels.be\/wp-content\/uploads\/2024\/11\/image2-33.png","contentUrl":"https:\/\/genthotels.be\/wp-content\/uploads\/2024\/11\/image2-33.png"},{"@type":"BreadcrumbList","@id":"https:\/\/genthotels.be\/nl\/judith-een-karolingische-prinses-in-gent\/#breadcrumb","itemListElement":[{"@type":"ListItem","position":1,"name":"Home","item":"https:\/\/genthotels.be\/"},{"@type":"ListItem","position":2,"name":"Judith, een Karolingische prinses in Gent?"}]},{"@type":"WebSite","@id":"https:\/\/genthotels.be\/en\/#website","url":"https:\/\/genthotels.be\/en\/","name":"Hotels in Gent","description":"Gent Hotels Sonderaktionen, Rabatte und Sonderangebote","publisher":{"@id":"https:\/\/genthotels.be\/en\/#organization"},"potentialAction":[{"@type":"SearchAction","target":{"@type":"EntryPoint","urlTemplate":"https:\/\/genthotels.be\/en\/?s={search_term_string}"},"query-input":{"@type":"PropertyValueSpecification","valueRequired":true,"valueName":"search_term_string"}}],"inLanguage":"de"},{"@type":"Organization","@id":"https:\/\/genthotels.be\/en\/#organization","name":"Hotels in Gent","url":"https:\/\/genthotels.be\/en\/","logo":{"@type":"ImageObject","inLanguage":"de","@id":"https:\/\/genthotels.be\/en\/#\/schema\/logo\/image\/","url":"https:\/\/genthotels.be\/wp-content\/uploads\/2021\/07\/logo-gent-hotels-v2-white.svg","contentUrl":"https:\/\/genthotels.be\/wp-content\/uploads\/2021\/07\/logo-gent-hotels-v2-white.svg","caption":"Gent Hotels"},"image":{"@id":"https:\/\/genthotels.be\/en\/#\/schema\/logo\/image\/"}}]}},"_links":{"self":[{"href":"https:\/\/genthotels.be\/de\/wp-json\/wp\/v2\/pages\/4991","targetHints":{"allow":["GET"]}}],"collection":[{"href":"https:\/\/genthotels.be\/de\/wp-json\/wp\/v2\/pages"}],"about":[{"href":"https:\/\/genthotels.be\/de\/wp-json\/wp\/v2\/types\/page"}],"author":[{"embeddable":true,"href":"https:\/\/genthotels.be\/de\/wp-json\/wp\/v2\/users\/1"}],"replies":[{"embeddable":true,"href":"https:\/\/genthotels.be\/de\/wp-json\/wp\/v2\/comments?post=4991"}],"version-history":[{"count":0,"href":"https:\/\/genthotels.be\/de\/wp-json\/wp\/v2\/pages\/4991\/revisions"}],"wp:attachment":[{"href":"https:\/\/genthotels.be\/de\/wp-json\/wp\/v2\/media?parent=4991"}],"curies":[{"name":"wp","href":"https:\/\/api.w.org\/{rel}","templated":true}]}}